{"id":85,"date":"2019-03-09T21:03:24","date_gmt":"2019-03-09T21:03:24","guid":{"rendered":"http:\/\/hingilskoots.de\/?page_id=85"},"modified":"2019-03-13T14:41:10","modified_gmt":"2019-03-13T14:41:10","slug":"datenschutz","status":"publish","type":"page","link":"https:\/\/hingilskoots.de\/?page_id=85","title":{"rendered":"Datenschutz"},"content":{"rendered":"\n<p><strong>Datenschutzerkl\u00e4rung<\/strong><\/p>\n\n\n\n<p>Hinweise zur Verarbeitung Ihrer Daten gem. Art. 13 der Europ\u00e4ischen Datenschutzgrundverordnung (DS-GVO), Verweise auf gesetzliche Vorschriften beziehen sich auf die Datenschutz-Grundverordnung (nachfolgend DS-GVO) sowie das Bundesdatenschutzgesetz (nachfolgend BDSG) und das Hessische Datenschutz-und Informationsfreiheitsgesetz (nachfolgend HDSIG) in der ab dem 25.05.2018 geltenden Fassung.<\/p>\n\n\n\n<p><strong>Geltungsbereich:<\/strong><\/p>\n\n\n\n<p>Diese Datenschutzerkl\u00e4rung gilt f\u00fcr das Internet-Angebot des F\u00f6rdervereins hingilskoots Scheune Schr\u00f6ck. F\u00fcr Internetseiten anderer Anbieter, auf die z.B. \u00fcber Links verwiesen wird, gelten die dortigen Datenschutzhinweise und \u2013erkl\u00e4rungen.<\/p>\n\n\n\n<p><strong>Verantwortlichkeit:<\/strong><\/p>\n\n\n\n<p>Mirko Meyerding, Bl\u00fctenstr. 11, 35043 Marburg-Schr\u00f6ck<br>\nTel.: (0 64 24) 928558<br>\nEmail: <a href=\"mailto:Bastian.Klaus@gs-ebsdorfergrund.de\">webmaster@hingilskoots.de<\/a><\/p>\n\n\n\n<p><strong>III. Hosting:<\/strong><\/p>\n\n\n\n<p>Das Internet-Angebot wird von der STRATO AG, Pascalstra\u00dfe 10, 10587 Berlin, Telefon: 030-300 146 0,&nbsp;Fax: 030\u2013886 15 111 als technischem Dienstleister vorgehalten.<\/p>\n\n\n\n<p><strong>Unser Umgang mit Ihren Daten:<\/strong><\/p>\n\n\n\n<p><em>Personenbezogene Daten:<\/em><br>Beim Besuch dieser Webseite werden Personendaten gem\u00e4\u00df Artikel 4 DS-GVO weder erfasst noch gespeichert oder weitergegeben. Im Falle einer bildhaften Darstellung erfolgt diese mit Zustimmung der Betroffenen.&nbsp;<\/p>\n\n\n\n<p>Insbesondere werden folgende Dienste nicht verwendet:<\/p>\n\n\n\n<p>* Cookies<\/p>\n\n\n\n<p>* Kontaktformulare<\/p>\n\n\n\n<p>* Analyse-Tools&nbsp;<\/p>\n\n\n\n<p>* Targeting- und Zielgruppenoptimierungstools.<\/p>\n\n\n\n<p><em>Nutzungsdaten:<\/em><br>Bei jeder Anforderung einer Internetdatei werden folgende nicht personenbeziehbare Zugriffsdaten f\u00fcr statistische Auswertungen gespeichert:<\/p>\n\n\n\n<p>&nbsp;&nbsp;&nbsp; die Seite, von der aus die Datei angefordert wurde,<\/p>\n\n\n\n<p>&nbsp;&nbsp;&nbsp; der Name der aufgerufenen Datei,<\/p>\n\n\n\n<p>&nbsp;&nbsp;&nbsp; das Datum und die Uhrzeit der Anforderung,<\/p>\n\n\n\n<p>&nbsp;&nbsp;&nbsp; die \u00fcbertragene Datenmenge,<\/p>\n\n\n\n<p>&nbsp;&nbsp;&nbsp; der Zugriffsstatus (Datei \u00fcbertragen, Datei nicht gefunden etc.),<\/p>\n\n\n\n<p>&nbsp;&nbsp;&nbsp; die Zugriffsart (GET, POST),<\/p>\n\n\n\n<p>&nbsp;&nbsp;&nbsp; den verwendeten Browser bzw. das verwendeten Betriebssystem,<\/p>\n\n\n\n<p>&nbsp;&nbsp;&nbsp; die anonymisierte IP-Adresse des anfordernden Rechners,<\/p>\n\n\n\n<p>&nbsp;&nbsp;&nbsp; die Session-ID<\/p>\n\n\n\n<p>Aus Gr\u00fcnden der Datensicherheit, also um unerlaubte Zugriffe aufkl\u00e4ren oder Missbrauch der Internetseite verhindern zu k\u00f6nnen, wird die vollst\u00e4ndige IP-Adresse des anfordernden Rechners erfasst, gespeichert und sieben Tage nach dem Ende des Zugriffs automatisch gel\u00f6scht.<\/p>\n\n\n\n<p><strong>V. Ihre Rechte:&nbsp;<\/strong><\/p>\n\n\n\n<p>Als Nutzer unseres Internet-Angebots haben Sie nach der DS-GVO und dem HDSIG verschiedene Rechte, die sich insbesondere aus Art. 15 bis 18, 21 DS-GVO und \u00a7\u00a7 52 und 53 HDSIG ergeben:&nbsp;<\/p>\n\n\n\n<p>1) Recht auf Auskunft:&nbsp;<\/p>\n\n\n\n<p>Sie k\u00f6nnen Auskunft gem. Art. 15 DS-GVO oder \u00a7 52 HDSIG \u00fcber Ihre von uns verarbeiteten personenbezogenen Daten verlangen. In Ihrem Auskunftsantrag sollten Sie Ihr Anliegen pr\u00e4zisieren, um uns das Zusammenstellen der erforderlichen Daten zu erleichtern. Bitte beachten Sie, dass Ihr Auskunftsrecht durch die Vorschriften der \u00a7\u00a7 24 Abs. 2, 25 Abs. 2, 26 Abs. 2 und 33 HDSIG \u00a7 52 Abs. 2 bis 5 HDSIG eingeschr\u00e4nkt wird.&nbsp;<\/p>\n\n\n\n<p>2) Recht auf Berichtigung:&nbsp;<\/p>\n\n\n\n<p>Sollten die Sie betreffenden Angaben nicht (mehr) zutreffend sein, k\u00f6nnen Sie nach Art. 16 DS-GVO oder \u00a7 53 HDSIG eine Berichtigung verlangen. Sollten Ihre Daten unvollst\u00e4ndig sein, k\u00f6nnen Sie eine Vervollst\u00e4ndigung verlangen.&nbsp;<\/p>\n\n\n\n<p>3) Recht auf L\u00f6schung:&nbsp;<\/p>\n\n\n\n<p>Sie k\u00f6nnen unter den Bedingungen des Art. 17 DS-GVO und der \u00a7\u00a7 34 und 53 HDSIG die L\u00f6schung Ihrer personenbezogenen Daten verlangen. Ihr Anspruch auf L\u00f6schung h\u00e4ngt u. a. davon ab, ob die Sie betreffenden Daten von uns zur Erf\u00fcllung unserer gesetzlichen Aufgaben noch ben\u00f6tigt werden.&nbsp;<\/p>\n\n\n\n<p>4) Recht auf Einschr\u00e4nkung der Verarbeitung:&nbsp;<\/p>\n\n\n\n<p>Sie haben im Rahmen der Vorgaben des Art. 18 DS-GVO oder \u00a7 53 HDSIG das Recht, eine Einschr\u00e4nkung der Verarbeitung der Sie betreffenden Daten zu verlangen.&nbsp;<\/p>\n\n\n\n<p>5) Recht auf Widerspruch:&nbsp;<\/p>\n\n\n\n<p>Sie haben nach Art. 21 DS-GVO das Recht, aus Gr\u00fcnden, die sich aus Ihrer besonderen Situation ergeben, jederzeit der Verarbeitung der Sie betreffenden Daten zu widersprechen.&nbsp;<\/p>\n\n\n\n<p>6) Recht auf Beschwerde:&nbsp;<\/p>\n\n\n\n<p>Wenn Sie der Auffassung sind, dass wir bei der Verarbeitung Ihrer Daten datenschutzrechtliche Vorschriften nicht beachtet haben, k\u00f6nnen Sie sich mit einer Beschwerde an den Datenschutzbeauftragten wenden, der Ihre Beschwerde pr\u00fcfen wird.&nbsp;<\/p>\n\n\n\n<p>(Stand: 13.03.2019)<\/p>\n","protected":false},"excerpt":{"rendered":"<p>Datenschutzerkl\u00e4rung Hinweise zur Verarbeitung Ihrer Daten gem. Art. 13 der Europ\u00e4ischen Datenschutzgrundverordnung (DS-GVO), Verweise auf gesetzliche Vorschriften beziehen sich auf die Datenschutz-Grundverordnung (nachfolgend DS-GVO) sowie das Bundesdatenschutzgesetz (nachfolgend BDSG) und das Hessische Datenschutz-und Informationsfreiheitsgesetz (nachfolgend HDSIG) in der ab dem 25.05.2018 geltenden Fassung. Geltungsbereich: Diese Datenschutzerkl\u00e4rung gilt f\u00fcr das Internet-Angebot des F\u00f6rdervereins hingilskoots Scheune Schr\u00f6ck. &hellip; <a href=\"https:\/\/hingilskoots.de\/?page_id=85\" class=\"more-link\"><span class=\"screen-reader-text\">Datenschutz<\/span> weiterlesen<\/a><\/p>\n","protected":false},"author":1,"featured_media":0,"parent":0,"menu_order":0,"comment_status":"closed","ping_status":"closed","template":"","meta":{"footnotes":""},"class_list":["post-85","page","type-page","status-publish","hentry"],"_links":{"self":[{"href":"https:\/\/hingilskoots.de\/index.php?rest_route=\/wp\/v2\/pages\/85","targetHints":{"allow":["GET"]}}],"collection":[{"href":"https:\/\/hingilskoots.de\/index.php?rest_route=\/wp\/v2\/pages"}],"about":[{"href":"https:\/\/hingilskoots.de\/index.php?rest_route=\/wp\/v2\/types\/page"}],"author":[{"embeddable":true,"href":"https:\/\/hingilskoots.de\/index.php?rest_route=\/wp\/v2\/users\/1"}],"replies":[{"embeddable":true,"href":"https:\/\/hingilskoots.de\/index.php?rest_route=%2Fwp%2Fv2%2Fcomments&post=85"}],"version-history":[{"count":3,"href":"https:\/\/hingilskoots.de\/index.php?rest_route=\/wp\/v2\/pages\/85\/revisions"}],"predecessor-version":[{"id":664,"href":"https:\/\/hingilskoots.de\/index.php?rest_route=\/wp\/v2\/pages\/85\/revisions\/664"}],"wp:attachment":[{"href":"https:\/\/hingilskoots.de\/index.php?rest_route=%2Fwp%2Fv2%2Fmedia&parent=85"}],"curies":[{"name":"wp","href":"https:\/\/api.w.org\/{rel}","templated":true}]}}