{"id":37,"date":"2019-03-09T20:12:49","date_gmt":"2019-03-09T20:12:49","guid":{"rendered":"http:\/\/hingilskoots.de\/?page_id=37"},"modified":"2019-03-10T19:54:02","modified_gmt":"2019-03-10T19:54:02","slug":"archiv","status":"publish","type":"page","link":"https:\/\/hingilskoots.de\/?page_id=37","title":{"rendered":"Geschichte"},"content":{"rendered":"\n<div class=\"wp-block-file\"><a href=\"http:\/\/hingilskoots.de\/wp-content\/uploads\/2019\/03\/hingilskoots1.mp3.mp3\">&#8222;hingilskoots&#8220;, so spricht man den Namen aus<\/a><a href=\"http:\/\/hingilskoots.de\/wp-content\/uploads\/2019\/03\/hingilskoots1.mp3.mp3\" class=\"wp-block-file__button\" download>Herunterladen<\/a><\/div>\n\n\n\n<h4 class=\"wp-block-heading\">Vom H\u00fchnerkurt und dem Gelzh\u00e4user Konrad<\/h4>\n\n\n\n<p class=\"has-background has-very-light-gray-background-color\">\u201eDe Dorfnoome vo de Scheuern? Ei, d\u00e4i h\u00e4\u00e4st \u00bbHingilskoots\u00ab \u2013 do huedd enn Kurt fr\u00e4jer Hinkin (= H\u00fchner) gehaale.\u201c \u2013 so oder \u00e4hnlich waren die ersten Ergebnisse einer nicht repr\u00e4sentativen Umfrage zum Namen des Geb\u00e4udes der geplanten Kulturscheune in Schr\u00f6ck. Die Geschichte vom \u201eH\u00fchnerkurt\u201c hat uns erstmal sehr gut gefallen \u2013 aber leider stimmt sie nicht.<\/p>\n\n\n\n<p>Die Dorfchronik von 1976 enth\u00e4lt eine andere Erkl\u00e4rung: Hier wird f\u00fcr den heutigen Hof von Gerhard und Gisela Fischer (heute Schr\u00f6cker Stra\u00dfe 27, fr\u00fcher Haus Nr. 44 in den alten Karten) der Hofname \u00bbHenckelskurts\u00ab aufgef\u00fchrt. Der erste Teil des Namens wird abgeleitet von einem Gelzh\u00e4user Henckel (Heinrich) ca. 1607-1674, dem die H\u00e4user Nr. 44 und 45 als gemeinsamer gro\u00dfer Hof geh\u00f6rten. Der wurde dann um 1700 geteilt in die H\u00f6fe Nr. 44 mit Gelzh\u00e4user Kurt (Konrad) \u2013 also \u00bbHenckelskurts\u00ab \u2013 und Nr. 45 mit Gelzh\u00e4user Heinrich \u2013 \u00bbHenckelshof\u00ab, sp\u00e4ter \u00bbG\u00e4uls Lauersch\u00ab (seit 1820 Familie Lauer). Familie Lauer baute 1966 einen Aussiedlerhof und das Geb\u00e4ude wurde f\u00fcr das B\u00fcrgerhaus abgerissen.<\/p>\n\n\n\n<p>Also: Leider kein \u201eKurt mit den H\u00fchnern\u201c, aber zumindest ein richtig historischer Name, der seit Anfang des 18. Jahrhunderts in Schr\u00f6ck f\u00fcr den Hof verwendet wird. Die Schreibweise \u00bbhingilskoots\u00ab ist der Versuch, einen Kompromiss zwischen dem historisch belegten Namen und der Schr\u00f6cker Mundart zu finden \u2013 und es so zu schreiben, dass auch \u201eNicht-Schr\u00f6cker\u201c den Namen aussprechen k\u00f6nnen!<\/p>\n\n\n\n<p class=\"has-small-font-size\">(Quelle: Schr\u00f6cker Chronik von Peter Nau und Karl Schober, 1976)<\/p>\n\n\n\n<figure class=\"wp-block-image\"><img loading=\"lazy\" decoding=\"async\" width=\"517\" height=\"800\" src=\"http:\/\/hingilskoots.de\/wp-content\/uploads\/2019\/03\/Plan_Schroeck0002-e1552247445346.jpg\" alt=\"\" class=\"wp-image-208\" srcset=\"https:\/\/hingilskoots.de\/wp-content\/uploads\/2019\/03\/Plan_Schroeck0002-e1552247445346.jpg 517w, https:\/\/hingilskoots.de\/wp-content\/uploads\/2019\/03\/Plan_Schroeck0002-e1552247445346-194x300.jpg 194w\" sizes=\"auto, (max-width: 517px) 100vw, 517px\" \/><\/figure>\n","protected":false},"excerpt":{"rendered":"<p>Vom H\u00fchnerkurt und dem Gelzh\u00e4user Konrad \u201eDe Dorfnoome vo de Scheuern? Ei, d\u00e4i h\u00e4\u00e4st \u00bbHingilskoots\u00ab \u2013 do huedd enn Kurt fr\u00e4jer Hinkin (= H\u00fchner) gehaale.\u201c \u2013 so oder \u00e4hnlich waren die ersten Ergebnisse einer nicht repr\u00e4sentativen Umfrage zum Namen des Geb\u00e4udes der geplanten Kulturscheune in Schr\u00f6ck. Die Geschichte vom \u201eH\u00fchnerkurt\u201c hat uns erstmal sehr gut &hellip; <a href=\"https:\/\/hingilskoots.de\/?page_id=37\" class=\"more-link\"><span class=\"screen-reader-text\">Geschichte<\/span> weiterlesen<\/a><\/p>\n","protected":false},"author":1,"featured_media":0,"parent":0,"menu_order":0,"comment_status":"closed","ping_status":"closed","template":"","meta":{"footnotes":""},"class_list":["post-37","page","type-page","status-publish","hentry"],"_links":{"self":[{"href":"https:\/\/hingilskoots.de\/index.php?rest_route=\/wp\/v2\/pages\/37","targetHints":{"allow":["GET"]}}],"collection":[{"href":"https:\/\/hingilskoots.de\/index.php?rest_route=\/wp\/v2\/pages"}],"about":[{"href":"https:\/\/hingilskoots.de\/index.php?rest_route=\/wp\/v2\/types\/page"}],"author":[{"embeddable":true,"href":"https:\/\/hingilskoots.de\/index.php?rest_route=\/wp\/v2\/users\/1"}],"replies":[{"embeddable":true,"href":"https:\/\/hingilskoots.de\/index.php?rest_route=%2Fwp%2Fv2%2Fcomments&post=37"}],"version-history":[{"count":10,"href":"https:\/\/hingilskoots.de\/index.php?rest_route=\/wp\/v2\/pages\/37\/revisions"}],"predecessor-version":[{"id":237,"href":"https:\/\/hingilskoots.de\/index.php?rest_route=\/wp\/v2\/pages\/37\/revisions\/237"}],"wp:attachment":[{"href":"https:\/\/hingilskoots.de\/index.php?rest_route=%2Fwp%2Fv2%2Fmedia&parent=37"}],"curies":[{"name":"wp","href":"https:\/\/api.w.org\/{rel}","templated":true}]}}