{"id":35,"date":"2019-03-09T20:12:49","date_gmt":"2019-03-09T20:12:49","guid":{"rendered":"http:\/\/hingilskoots.de\/?page_id=35"},"modified":"2026-01-17T15:23:44","modified_gmt":"2026-01-17T15:23:44","slug":"kontakt","status":"publish","type":"page","link":"https:\/\/hingilskoots.de\/?page_id=35","title":{"rendered":"Kontakt"},"content":{"rendered":"\n<p>Ihre Anfrage richten Sie bitte per E-Mail an:<\/p>\n\n\n\n<p><a href=\"mailto:buchung@hingilskoots.de?subject=Buchungsanfrage\"><a href=\"mailto:hingilskoots.scheune@gmail.com\" target=\"_blank\" rel=\"noreferrer noopener\">hingilskoots.scheune@gmail.com<\/a><\/a><\/p>\n\n\n\n<p><\/p>\n\n\n\n<p>(Vorab-Besichtigungen m\u00f6glich!)<\/p>\n\n\n\n<p><strong>Wir freuen uns auf Sie! &nbsp; Preise auf Anfrage!<\/strong><\/p>\n\n\n\n<p>Erg\u00e4nzende Infos finden Sie unter Ausstattung<\/p>\n\n\n\n<p><\/p>\n\n\n\n<p>Unsere Anschrift:  Schr\u00f6cker Str. 29a, 35043 Marburg-Schr\u00f6ck<\/p>\n","protected":false},"excerpt":{"rendered":"<p>Ihre Anfrage richten Sie bitte per E-Mail an: hingilskoots.scheune@gmail.com (Vorab-Besichtigungen m\u00f6glich!) Wir freuen uns auf Sie! &nbsp; Preise auf Anfrage! Erg\u00e4nzende Infos finden Sie unter Ausstattung Unsere Anschrift: Schr\u00f6cker Str. 29a, 35043 Marburg-Schr\u00f6ck<\/p>\n","protected":false},"author":1,"featured_media":0,"parent":0,"menu_order":0,"comment_status":"closed","ping_status":"closed","template":"","meta":{"footnotes":""},"class_list":["post-35","page","type-page","status-publish","hentry"],"_links":{"self":[{"href":"https:\/\/hingilskoots.de\/index.php?rest_route=\/wp\/v2\/pages\/35","targetHints":{"allow":["GET"]}}],"collection":[{"href":"https:\/\/hingilskoots.de\/index.php?rest_route=\/wp\/v2\/pages"}],"about":[{"href":"https:\/\/hingilskoots.de\/index.php?rest_route=\/wp\/v2\/types\/page"}],"author":[{"embeddable":true,"href":"https:\/\/hingilskoots.de\/index.php?rest_route=\/wp\/v2\/users\/1"}],"replies":[{"embeddable":true,"href":"https:\/\/hingilskoots.de\/index.php?rest_route=%2Fwp%2Fv2%2Fcomments&post=35"}],"version-history":[{"count":24,"href":"https:\/\/hingilskoots.de\/index.php?rest_route=\/wp\/v2\/pages\/35\/revisions"}],"predecessor-version":[{"id":1164,"href":"https:\/\/hingilskoots.de\/index.php?rest_route=\/wp\/v2\/pages\/35\/revisions\/1164"}],"wp:attachment":[{"href":"https:\/\/hingilskoots.de\/index.php?rest_route=%2Fwp%2Fv2%2Fmedia&parent=35"}],"curies":[{"name":"wp","href":"https:\/\/api.w.org\/{rel}","templated":true}]}}