{"id":28,"date":"2019-03-09T19:28:58","date_gmt":"2019-03-09T19:28:58","guid":{"rendered":"http:\/\/hingilskoots.de\/?page_id=28"},"modified":"2026-03-18T18:45:06","modified_gmt":"2026-03-18T18:45:06","slug":"veranstaltungen","status":"publish","type":"page","link":"https:\/\/hingilskoots.de\/?page_id=28","title":{"rendered":"Schregger Meddoagesse"},"content":{"rendered":"\n<figure class=\"wp-block-image size-full\"><img loading=\"lazy\" decoding=\"async\" width=\"800\" height=\"600\" src=\"http:\/\/hingilskoots.de\/wp-content\/uploads\/2019\/03\/Mittagstisch_1.jpg\" alt=\"\" class=\"wp-image-41\" srcset=\"https:\/\/hingilskoots.de\/wp-content\/uploads\/2019\/03\/Mittagstisch_1.jpg 800w, https:\/\/hingilskoots.de\/wp-content\/uploads\/2019\/03\/Mittagstisch_1-300x225.jpg 300w, https:\/\/hingilskoots.de\/wp-content\/uploads\/2019\/03\/Mittagstisch_1-768x576.jpg 768w, https:\/\/hingilskoots.de\/wp-content\/uploads\/2019\/03\/Mittagstisch_1-685x514.jpg 685w\" sizes=\"auto, (max-width: 800px) 100vw, 800px\" \/><figcaption class=\"wp-element-caption\">Der Schr\u00f6cker Mittagstisch f\u00fcr jedermann in unserer Scheune<\/figcaption><\/figure>\n\n\n\n<p><strong>Kommen Sie in unsere wundersch\u00f6ne Scheune, essen Sie mit uns, lassen Sie uns gemeinsam quatschen, haben Sie Spa\u00df mit anderen Menschen und, und, und<\/strong>&#8230;<\/p>\n\n\n\n<p>02.04.2026 Nudeln mit Hackfleischso\u00dfe und Rohkostsalat<\/p>\n\n\n\n<p>16.04.2026 Sauerkraut mit Bratwurst und Kartoffelbrei<\/p>\n\n\n\n<p>30.04.2026 Gr\u00fcne So\u00dfe mit Kartoffeln<\/p>\n\n\n\n<p>28.05.2026 Grillen<\/p>\n\n\n\n<p><strong>Alle zwei Wochen donnerstags um 12:00 Uhr.<\/strong><\/p>\n\n\n\n<p>F\u00fcr 8,00 \u20ac gibt es gutes Essen&nbsp;inkl. Mineralwasser und Kaffee.<\/p>\n\n\n\n<p><strong>Alle sind herzlich willkommen:<br>gro\u00df und klein, jung und alt, Kind und Kegel, &#8230; <\/strong><strong>. Wir freuen uns!<\/strong><\/p>\n\n\n\n<p><\/p>\n\n\n\n<p><\/p>\n","protected":false},"excerpt":{"rendered":"<p>Kommen Sie in unsere wundersch\u00f6ne Scheune, essen Sie mit uns, lassen Sie uns gemeinsam quatschen, haben Sie Spa\u00df mit anderen Menschen und, und, und&#8230; 02.04.2026 Nudeln mit Hackfleischso\u00dfe und Rohkostsalat 16.04.2026 Sauerkraut mit Bratwurst und Kartoffelbrei 30.04.2026 Gr\u00fcne So\u00dfe mit Kartoffeln 28.05.2026 Grillen Alle zwei Wochen donnerstags um 12:00 Uhr. F\u00fcr 8,00 \u20ac gibt es &hellip; <a href=\"https:\/\/hingilskoots.de\/?page_id=28\" class=\"more-link\"><span class=\"screen-reader-text\">Schregger Meddoagesse<\/span> weiterlesen<\/a><\/p>\n","protected":false},"author":1,"featured_media":0,"parent":0,"menu_order":0,"comment_status":"closed","ping_status":"closed","template":"","meta":{"footnotes":""},"class_list":["post-28","page","type-page","status-publish","hentry"],"_links":{"self":[{"href":"https:\/\/hingilskoots.de\/index.php?rest_route=\/wp\/v2\/pages\/28","targetHints":{"allow":["GET"]}}],"collection":[{"href":"https:\/\/hingilskoots.de\/index.php?rest_route=\/wp\/v2\/pages"}],"about":[{"href":"https:\/\/hingilskoots.de\/index.php?rest_route=\/wp\/v2\/types\/page"}],"author":[{"embeddable":true,"href":"https:\/\/hingilskoots.de\/index.php?rest_route=\/wp\/v2\/users\/1"}],"replies":[{"embeddable":true,"href":"https:\/\/hingilskoots.de\/index.php?rest_route=%2Fwp%2Fv2%2Fcomments&post=28"}],"version-history":[{"count":59,"href":"https:\/\/hingilskoots.de\/index.php?rest_route=\/wp\/v2\/pages\/28\/revisions"}],"predecessor-version":[{"id":1176,"href":"https:\/\/hingilskoots.de\/index.php?rest_route=\/wp\/v2\/pages\/28\/revisions\/1176"}],"wp:attachment":[{"href":"https:\/\/hingilskoots.de\/index.php?rest_route=%2Fwp%2Fv2%2Fmedia&parent=28"}],"curies":[{"name":"wp","href":"https:\/\/api.w.org\/{rel}","templated":true}]}}